{"id":448,"date":"2024-10-29T17:42:22","date_gmt":"2024-10-29T16:42:22","guid":{"rendered":"https:\/\/www.tonce.fr\/?page_id=448"},"modified":"2026-02-08T12:42:56","modified_gmt":"2026-02-08T11:42:56","slug":"tonce-2","status":"publish","type":"page","link":"https:\/\/www.tonce.fr\/en\/tonce-2\/","title":{"rendered":"Tonc\u00e9"},"content":{"rendered":"<h2 class=\"wp-block-heading\">FRESQUE MURALE &#8211; OEUVRES D\u2019ART &#8211; R\u00c9ALIT\u00c9 AUGMENT\u00c9E &#8211; D\u00c9CORATION &#8211; LIVE PAINTING \u00c9V\u00c8NEMENTIEL &#8211; OBJETS UNIQUES &#8211; PERSONNALISATION<\/h2>\n\n\n\n<div id=\"wp-block-themeisle-blocks-advanced-columns-58058652\" class=\"wp-block-themeisle-blocks-advanced-columns has-2-columns has-desktop-oneTwo-layout has-tablet-equal-layout has-mobile-collapsedRows-layout has-vertical-unset\"><div class=\"wp-block-themeisle-blocks-advanced-columns-overlay\"><\/div><div class=\"innerblocks-wrap\">\n<div id=\"wp-block-themeisle-blocks-advanced-column-b51884db\" class=\"wp-block-themeisle-blocks-advanced-column\">\n<figure class=\"wp-block-image size-large\"><img fetchpriority=\"high\" decoding=\"async\" width=\"683\" height=\"1024\" src=\"https:\/\/www.tonce.fr\/wp-content\/uploads\/2024\/10\/photo-tonce-683x1024.jpg\" alt=\"\" class=\"wp-image-451\" srcset=\"https:\/\/www.tonce.fr\/wp-content\/uploads\/2024\/10\/photo-tonce-683x1024.jpg 683w, https:\/\/www.tonce.fr\/wp-content\/uploads\/2024\/10\/photo-tonce-200x300.jpg 200w, https:\/\/www.tonce.fr\/wp-content\/uploads\/2024\/10\/photo-tonce-768x1151.jpg 768w, https:\/\/www.tonce.fr\/wp-content\/uploads\/2024\/10\/photo-tonce-8x12.jpg 8w, https:\/\/www.tonce.fr\/wp-content\/uploads\/2024\/10\/photo-tonce-600x899.jpg 600w, https:\/\/www.tonce.fr\/wp-content\/uploads\/2024\/10\/photo-tonce.jpg 934w\" sizes=\"(max-width: 683px) 100vw, 683px\" \/><\/figure>\n<\/div>\n\n\n\n<div id=\"wp-block-themeisle-blocks-advanced-column-c93c254e\" class=\"wp-block-themeisle-blocks-advanced-column\">\n<p>D\u00e9couvrez l\u2019univers captivant de Tonc\u00e9, un artiste du graffiti qui r\u00e9invente les paysages urbains avec une esth\u00e9tique g\u00e9om\u00e9trique et puissante. <\/p>\n\n\n\n<p>\u00c0 travers ses cr\u00e9ations, les immeubles et les murs de la ville deviennent des toiles monumentales o\u00f9 la pr\u00e9cision des lignes et la force des formes g\u00e9om\u00e9triques s\u2019entrem\u00ealent pour cr\u00e9er un spectacle visuel saisissant.<\/p>\n\n\n\n<p>Chaque oeuvre de Tonc\u00e9 est une d\u00e9monstration de son talent unique pour transformer l\u2019environnement urbain en une galerie d\u2019art \u00e0 ciel ouvert, o\u00f9 la beaut\u00e9 de la g\u00e9om\u00e9trie rencontre la puissance de l\u2019expression artistique.<\/p>\n\n\n\n<p>Plongez dans un monde o\u00f9 le graffiti devient une forme d\u2019art urbain audacieuse et inspirante.<\/p>\n\n\n\n<pre class=\"wp-block-preformatted has-white-color has-black-background-color has-text-color has-background has-link-color wp-elements-a6c8c4c8e1ad3c20d23c062a135d95d6\"><strong>2025 <\/strong><br>111 des Arts - Hotel Dieu - Toulouse<br>My Gallery - Group Show (Sculptures) - Toulouse<br>Galerie du Fort - Solo Show \u00abXpression\u00bb - Montauban<br>Collectif Figure - Galerie Artistik Rezo - Paris<br>Salon Art3f - Toulouse<br><strong>2024 <\/strong><br>Espaces Atypiques - Solo Show - Toulouse<br><strong>2023 <\/strong><br>Galerie Hannah Assouline - Group Show - Paris<br>Mister Freeze - Group Show - Toulouse<br>Salon Art3f - Toulouse<br><strong>2022 <\/strong><br>Agnes B - Solo Show \u00abCollection\u00bb - Toulouse<br>Mister Freeze - Group Show - Toulouse<br>Original S*** Gallery - Group Show - Japon<br><strong>2020 <\/strong><br>22m2 Gallery - Solo Show - Toulouse<br><strong>2019 <\/strong><br>Mister Freeze - Group Show - Toulouse<br>Malagacha Gallery - Group Show - Strasbourg<br>Saumane Arts - SummerTime - Duo Show - Vaucluse<br>La Box - Group Show - Toulouse<br><strong>2018<\/strong> <br>Espace Remesy - Solo Show \u00abShowroom\u00bb - Toulouse<br>Adda &amp; Taxie Galerie - Group Show \u00abToulouse\u00bb - Paris<br>Festival 31Street - Exposition \u00e0 ciel ouvert dans les rues de Toulouse<br><strong>2017 <\/strong><br>Mister Freeze - Group Show - Toulouse<br>Pullman Hotel - Solo Show - Toulouse<br><strong>2016 <\/strong><br>Mister Freeze - Group Show - Toulouse<br>Galerie SBK - Group Show \u00ab4 univers urbain\u00bb - Lyon<br>Le Clos des Roses - Solo Show - Fr\u00e9jus<br>L\u2019Autruche - Solo Show \u00abColor Priority\u00bb - Toulouse<br><strong>2015 <\/strong><br>Galerie Next - Playground - Group Show - Toulouse<br>Graffiti Art Fair - Group Show - Mulhouse<br>Samba R\u00e9sille - Solo Show \u00abStudio Work\u00bb - Toulouse<br><strong>2014 <\/strong><br>Solo Show - Espace Niel - Toulouse<br>Mister Freeze - Group Show - Toulouse<br>Galerie Courant d\u2019Art - Group Show - Mulhouse<br><strong>2013 <\/strong><br>Galerie Modern Eden - Group Show - San Francisco<br><strong>2010 <\/strong><br>Flyers - Installation de 1500 flyers - salle Roguet - Toulouse<br><strong>2007<\/strong> <br>L\u2019Atelier - Exposition collective - salle Roguet - Toulouse<\/pre>\n\n\n\n<div style=\"height:10px\" aria-hidden=\"true\" class=\"wp-block-spacer\"><\/div>\n<\/div>\n<\/div><\/div>","protected":false},"excerpt":{"rendered":"<p>FRESQUE MURALE &#8211; OEUVRES D\u2019ART &#8211; R\u00c9ALIT\u00c9 AUGMENT\u00c9E &#8211; D\u00c9CORATION &#8211; LIVE PAINTING \u00c9V\u00c8NEMENTIEL &#8211; OBJETS UNIQUES &#8211; PERSONNALISATION<\/p>","protected":false},"author":1,"featured_media":0,"parent":0,"menu_order":0,"comment_status":"closed","ping_status":"closed","template":"","meta":{"_coblocks_attr":"","_coblocks_dimensions":"","_coblocks_responsive_height":"","_coblocks_accordion_ie_support":"","ocean_post_layout":"","ocean_both_sidebars_style":"","ocean_both_sidebars_content_width":0,"ocean_both_sidebars_sidebars_width":0,"ocean_sidebar":"","ocean_second_sidebar":"","ocean_disable_margins":"enable","ocean_add_body_class":"","ocean_shortcode_before_top_bar":"","ocean_shortcode_after_top_bar":"","ocean_shortcode_before_header":"","ocean_shortcode_after_header":"","ocean_has_shortcode":"","ocean_shortcode_after_title":"","ocean_shortcode_before_footer_widgets":"","ocean_shortcode_after_footer_widgets":"","ocean_shortcode_before_footer_bottom":"","ocean_shortcode_after_footer_bottom":"","ocean_display_top_bar":"default","ocean_display_header":"default","ocean_header_style":"","ocean_center_header_left_menu":"","ocean_custom_header_template":"","ocean_custom_logo":0,"ocean_custom_retina_logo":0,"ocean_custom_logo_max_width":0,"ocean_custom_logo_tablet_max_width":0,"ocean_custom_logo_mobile_max_width":0,"ocean_custom_logo_max_height":0,"ocean_custom_logo_tablet_max_height":0,"ocean_custom_logo_mobile_max_height":0,"ocean_header_custom_menu":"","ocean_menu_typo_font_family":"","ocean_menu_typo_font_subset":"","ocean_menu_typo_font_size":0,"ocean_menu_typo_font_size_tablet":0,"ocean_menu_typo_font_size_mobile":0,"ocean_menu_typo_font_size_unit":"px","ocean_menu_typo_font_weight":"","ocean_menu_typo_font_weight_tablet":"","ocean_menu_typo_font_weight_mobile":"","ocean_menu_typo_transform":"","ocean_menu_typo_transform_tablet":"","ocean_menu_typo_transform_mobile":"","ocean_menu_typo_line_height":0,"ocean_menu_typo_line_height_tablet":0,"ocean_menu_typo_line_height_mobile":0,"ocean_menu_typo_line_height_unit":"","ocean_menu_typo_spacing":0,"ocean_menu_typo_spacing_tablet":0,"ocean_menu_typo_spacing_mobile":0,"ocean_menu_typo_spacing_unit":"","ocean_menu_link_color":"","ocean_menu_link_color_hover":"","ocean_menu_link_color_active":"","ocean_menu_link_background":"","ocean_menu_link_hover_background":"","ocean_menu_link_active_background":"","ocean_menu_social_links_bg":"","ocean_menu_social_hover_links_bg":"","ocean_menu_social_links_color":"","ocean_menu_social_hover_links_color":"","ocean_disable_title":"default","ocean_disable_heading":"default","ocean_post_title":"","ocean_post_subheading":"","ocean_post_title_style":"","ocean_post_title_background_color":"","ocean_post_title_background":0,"ocean_post_title_bg_image_position":"","ocean_post_title_bg_image_attachment":"","ocean_post_title_bg_image_repeat":"","ocean_post_title_bg_image_size":"","ocean_post_title_height":0,"ocean_post_title_bg_overlay":0.5,"ocean_post_title_bg_overlay_color":"","ocean_disable_breadcrumbs":"default","ocean_breadcrumbs_color":"","ocean_breadcrumbs_separator_color":"","ocean_breadcrumbs_links_color":"","ocean_breadcrumbs_links_hover_color":"","ocean_display_footer_widgets":"default","ocean_display_footer_bottom":"default","ocean_custom_footer_template":"","_themeisle_gutenberg_block_has_review":false,"footnotes":""},"class_list":["post-448","page","type-page","status-publish","hentry","entry","owp-thumbs-layout-horizontal","owp-btn-normal","owp-tabs-layout-horizontal","has-no-thumbnails","has-product-nav"],"rttpg_featured_image_url":null,"rttpg_author":{"display_name":"epepin","author_link":"https:\/\/www.tonce.fr\/en\/author\/epepin\/"},"rttpg_comment":0,"rttpg_category":null,"rttpg_excerpt":"FRESQUE MURALE &#8211; OEUVRES D\u2019ART &#8211; R\u00c9ALIT\u00c9 AUGMENT\u00c9E &#8211; D\u00c9CORATION &#8211; LIVE PAINTING \u00c9V\u00c8NEMENTIEL &#8211; OBJETS UNIQUES &#8211; PERSONNALISATION","_links":{"self":[{"href":"https:\/\/www.tonce.fr\/en\/wp-json\/wp\/v2\/pages\/448","targetHints":{"allow":["GET"]}}],"collection":[{"href":"https:\/\/www.tonce.fr\/en\/wp-json\/wp\/v2\/pages"}],"about":[{"href":"https:\/\/www.tonce.fr\/en\/wp-json\/wp\/v2\/types\/page"}],"author":[{"embeddable":true,"href":"https:\/\/www.tonce.fr\/en\/wp-json\/wp\/v2\/users\/1"}],"replies":[{"embeddable":true,"href":"https:\/\/www.tonce.fr\/en\/wp-json\/wp\/v2\/comments?post=448"}],"version-history":[{"count":24,"href":"https:\/\/www.tonce.fr\/en\/wp-json\/wp\/v2\/pages\/448\/revisions"}],"predecessor-version":[{"id":787,"href":"https:\/\/www.tonce.fr\/en\/wp-json\/wp\/v2\/pages\/448\/revisions\/787"}],"wp:attachment":[{"href":"https:\/\/www.tonce.fr\/en\/wp-json\/wp\/v2\/media?parent=448"}],"curies":[{"name":"wp","href":"https:\/\/api.w.org\/{rel}","templated":true}]}}