{"id":319,"date":"2024-10-29T12:58:23","date_gmt":"2024-10-29T11:58:23","guid":{"rendered":"https:\/\/www.tonce.fr\/?page_id=319"},"modified":"2024-10-29T15:05:36","modified_gmt":"2024-10-29T14:05:36","slug":"works","status":"publish","type":"page","link":"https:\/\/www.tonce.fr\/en\/","title":{"rendered":"Works"},"content":{"rendered":"<div data-elementor-type=\"wp-page\" data-elementor-id=\"319\" class=\"elementor elementor-319\">\n\t\t\t\t<div class=\"elementor-element elementor-element-c5730d2 e-flex e-con-boxed wpr-particle-no wpr-jarallax-no wpr-parallax-no wpr-sticky-section-no e-con e-parent\" data-id=\"c5730d2\" data-element_type=\"container\" data-e-type=\"container\">\n\t\t\t\t\t<div class=\"e-con-inner\">\n\t\t\t\t<div class=\"elementor-element elementor-element-67a8419 elementor-widget elementor-widget-shortcode\" data-id=\"67a8419\" data-element_type=\"widget\" data-e-type=\"widget\" data-widget_type=\"shortcode.default\">\n\t\t\t\t<div class=\"elementor-widget-container\">\n\t\t\t\t\t\t\t<div class=\"elementor-shortcode\"><style type='text\/css' media='all'>#rt-tpg-container-3890549165 .rt-holder .rt-woo-info .price{color:#0367bf;}body .rt-tpg-container .rt-tpg-isotope-buttons .selected,\n\t\t\t\t\t#rt-tpg-container-3890549165 .layout12 .rt-holder:hover .rt-detail,\n\t\t\t\t\t#rt-tpg-container-3890549165 .isotope8 .rt-holder:hover .rt-detail,\n\t\t\t\t\t#rt-tpg-container-3890549165 .carousel8 .rt-holder:hover .rt-detail,\n\t\t\t\t\t#rt-tpg-container-3890549165 .layout13 .rt-holder .overlay .post-info,\n\t\t\t\t\t#rt-tpg-container-3890549165 .isotope9 .rt-holder .overlay .post-info,\n\t\t\t\t\t#rt-tpg-container-3890549165.rt-tpg-container .layout4 .rt-holder .rt-detail,\n\t\t\t\t\t.rt-modal-3890549165 .md-content,\n\t\t\t\t\t.rt-modal-3890549165 .md-content > .rt-md-content-holder .rt-md-content,\n\t\t\t\t\t.rt-popup-wrap-3890549165.rt-popup-wrap .rt-popup-navigation-wrap,\n\t\t\t\t\t#rt-tpg-container-3890549165 .carousel9 .rt-holder .overlay .post-info{background-color:#0367bf;}#rt-tpg-container-3890549165 .layout5 .rt-holder .overlay, #rt-tpg-container-3890549165 .isotope2 .rt-holder .overlay, #rt-tpg-container-3890549165 .carousel2 .rt-holder .overlay,#rt-tpg-container-3890549165 .layout15 .rt-holder h3, #rt-tpg-container-3890549165 .isotope11 .rt-holder h3, #rt-tpg-container-3890549165 .carousel11 .rt-holder h3, #rt-tpg-container-3890549165 .layout16 .rt-holder h3,\n\t\t\t\t\t#rt-tpg-container-3890549165 .isotope12 .rt-holder h3, #rt-tpg-container-3890549165 .carousel12 .rt-holder h3 {background-color:rgba(3,103,191,0.8);}#rt-tpg-container-3890549165 .read-more a{border-radius:px;}#rt-tpg-container-3890549165 .rt-img-holder img.rt-img-responsive,#rt-tpg-container-3890549165 .rt-img-holder,\n\t\t\t\t\t#rt-tpg-container-3890549165 .rt-post-overlay .post-img,\n\t\t\t\t\t#rt-tpg-container-3890549165 .post-sm .post-img,\n\t\t\t\t\t#rt-tpg-container-3890549165 .rt-post-grid .post-img,\n\t\t\t\t\t#rt-tpg-container-3890549165 .post-img img {border-radius:px;}<\/style><div class='rt-container-fluid rt-tpg-container tpg-shortcode-main-wrapper' id='rt-tpg-container-3890549165'   data-layout='layout6' data-grid-style='even' data-desktop-col='4'  data-tab-col='2'  data-mobile-col='1' data-sc-id='237'><div data-title='Loading ...' class='rt-row rt-content-loader   layout6 tpg-even'><div class=\"rt-col-md-3 rt-col-sm-6 rt-col-xs-12 even-grid-item rt-grid-item\" data-id=\"770\"><div class=\"rt-holder\"><div class=\"overlay\"><h3 class=\"entry-title\"><a data-id=\"770\" class=\"\" href=\"https:\/\/www.tonce.fr\/en\/2025\/11\/01\/o-toulouse\/\">\u00f4 Toulouse<\/a><\/h3><div class='line'><\/div><\/div><a data-id='770' class='' href='https:\/\/www.tonce.fr\/en\/2025\/11\/01\/o-toulouse\/'><img fetchpriority=\"high\" decoding=\"async\" width=\"1870\" height=\"1310\" src=\"https:\/\/www.tonce.fr\/wp-content\/uploads\/2025\/11\/tonce-fresque-o-toulouse-2025-2-scaled-e1770549386476.jpg\" class=\"rt-img-responsive\" alt=\"\" \/><\/a><\/div><\/div><div class=\"rt-col-md-3 rt-col-sm-6 rt-col-xs-12 even-grid-item rt-grid-item\" data-id=\"765\"><div class=\"rt-holder\"><div class=\"overlay\"><h3 class=\"entry-title\"><a data-id=\"765\" class=\"\" href=\"https:\/\/www.tonce.fr\/en\/2025\/07\/01\/color-priority\/\">Color priority<\/a><\/h3><div class='line'><\/div><\/div><a data-id='765' class='' href='https:\/\/www.tonce.fr\/en\/2025\/07\/01\/color-priority\/'><img decoding=\"async\" width=\"1882\" height=\"1225\" src=\"https:\/\/www.tonce.fr\/wp-content\/uploads\/2025\/07\/Color-Priority-1-scaled-e1770549253293.jpg\" class=\"rt-img-responsive\" alt=\"Fresque murale r\u00e9alis\u00e9e sur les murs du Coll\u00e8ge Pierre Labitrie \u00e0 Tournefeuille en juillet 2025\" \/><\/a><\/div><\/div><div class=\"rt-col-md-3 rt-col-sm-6 rt-col-xs-12 even-grid-item rt-grid-item\" data-id=\"760\"><div class=\"rt-holder\"><div class=\"overlay\"><h3 class=\"entry-title\"><a data-id=\"760\" class=\"\" href=\"https:\/\/www.tonce.fr\/en\/2025\/03\/01\/school-is-cool\/\">School is cool<\/a><\/h3><div class='line'><\/div><\/div><a data-id='760' class='' href='https:\/\/www.tonce.fr\/en\/2025\/03\/01\/school-is-cool\/'><img decoding=\"async\" width=\"1780\" height=\"1237\" src=\"https:\/\/www.tonce.fr\/wp-content\/uploads\/2026\/02\/3-ok-scaled-e1770548047434.jpg\" class=\"rt-img-responsive\" alt=\"\" \/><\/a><\/div><\/div><div class=\"rt-col-md-3 rt-col-sm-6 rt-col-xs-12 even-grid-item rt-grid-item\" data-id=\"612\"><div class=\"rt-holder\"><div class=\"overlay\"><h3 class=\"entry-title\"><a data-id=\"612\" class=\"\" href=\"https:\/\/www.tonce.fr\/en\/2024\/12\/30\/electric-box\/\">Electric Box<\/a><\/h3><div class='line'><\/div><\/div><a data-id='612' class='' href='https:\/\/www.tonce.fr\/en\/2024\/12\/30\/electric-box\/'><img loading=\"lazy\" decoding=\"async\" width=\"2560\" height=\"2023\" src=\"https:\/\/www.tonce.fr\/wp-content\/uploads\/2024\/12\/Poste-EDF-cover-scaled.jpg\" class=\"rt-img-responsive\" alt=\"\" \/><\/a><\/div><\/div><div class=\"rt-col-md-3 rt-col-sm-6 rt-col-xs-12 even-grid-item rt-grid-item\" data-id=\"367\"><div class=\"rt-holder\"><div class=\"overlay\"><h3 class=\"entry-title\"><a data-id=\"367\" class=\"\" href=\"https:\/\/www.tonce.fr\/en\/2024\/11\/01\/oasis-summer\/\">Oasis Summer\u00a0<\/a><\/h3><div class='line'><\/div><\/div><a data-id='367' class='' href='https:\/\/www.tonce.fr\/en\/2024\/11\/01\/oasis-summer\/'><img loading=\"lazy\" decoding=\"async\" width=\"1050\" height=\"750\" src=\"https:\/\/www.tonce.fr\/wp-content\/uploads\/2024\/10\/Oasis-Summer-1b.jpg\" class=\"rt-img-responsive\" alt=\"\" \/><\/a><\/div><\/div><div class=\"rt-col-md-3 rt-col-sm-6 rt-col-xs-12 even-grid-item rt-grid-item\" data-id=\"151\"><div class=\"rt-holder\"><div class=\"overlay\"><h3 class=\"entry-title\"><a data-id=\"151\" class=\"\" href=\"https:\/\/www.tonce.fr\/en\/2024\/10\/01\/zenith-toulouse\/\">Z\u00e9nith Toulouse<\/a><\/h3><div class='line'><\/div><\/div><a data-id='151' class='' href='https:\/\/www.tonce.fr\/en\/2024\/10\/01\/zenith-toulouse\/'><img loading=\"lazy\" decoding=\"async\" width=\"1306\" height=\"933\" src=\"https:\/\/www.tonce.fr\/wp-content\/uploads\/2024\/10\/Zenith-Toulouse-fresque-Hall-1.jpg\" class=\"rt-img-responsive\" alt=\"\" \/><\/a><\/div><\/div><div class=\"rt-col-md-3 rt-col-sm-6 rt-col-xs-12 even-grid-item rt-grid-item\" data-id=\"167\"><div class=\"rt-holder\"><div class=\"overlay\"><h3 class=\"entry-title\"><a data-id=\"167\" class=\"\" href=\"https:\/\/www.tonce.fr\/en\/2024\/09\/01\/live-in-osmose\/\">Live in Osmose<\/a><\/h3><div class='line'><\/div><\/div><a data-id='167' class='' href='https:\/\/www.tonce.fr\/en\/2024\/09\/01\/live-in-osmose\/'><img loading=\"lazy\" decoding=\"async\" width=\"2560\" height=\"1829\" src=\"https:\/\/www.tonce.fr\/wp-content\/uploads\/2024\/01\/Live-in-Osmose-1c-scaled.jpg\" class=\"rt-img-responsive\" alt=\"\" \/><\/a><\/div><\/div><div class=\"rt-col-md-3 rt-col-sm-6 rt-col-xs-12 even-grid-item rt-grid-item\" data-id=\"376\"><div class=\"rt-holder\"><div class=\"overlay\"><h3 class=\"entry-title\"><a data-id=\"376\" class=\"\" href=\"https:\/\/www.tonce.fr\/en\/2024\/08\/01\/ecole-brassart\/\">Ecole BRASSART Prazowski Gallery<\/a><\/h3><div class='line'><\/div><\/div><a data-id='376' class='' href='https:\/\/www.tonce.fr\/en\/2024\/08\/01\/ecole-brassart\/'><img loading=\"lazy\" decoding=\"async\" width=\"1050\" height=\"750\" src=\"https:\/\/www.tonce.fr\/wp-content\/uploads\/2024\/10\/Ecole-Brassart-Prazowski-Gallery-1.jpg\" class=\"rt-img-responsive\" alt=\"\" \/><\/a><\/div><\/div><div class=\"rt-col-md-3 rt-col-sm-6 rt-col-xs-12 even-grid-item rt-grid-item\" data-id=\"382\"><div class=\"rt-holder\"><div class=\"overlay\"><h3 class=\"entry-title\"><a data-id=\"382\" class=\"\" href=\"https:\/\/www.tonce.fr\/en\/2024\/07\/01\/mini-austin-art-cars\/\">Mini Austin Art Cars<\/a><\/h3><div class='line'><\/div><\/div><a data-id='382' class='' href='https:\/\/www.tonce.fr\/en\/2024\/07\/01\/mini-austin-art-cars\/'><img loading=\"lazy\" decoding=\"async\" width=\"1766\" height=\"1262\" src=\"https:\/\/www.tonce.fr\/wp-content\/uploads\/2023\/07\/Austin-Mini-cover.jpg\" class=\"rt-img-responsive\" alt=\"Austin Mini Tonc\u00e9 Mister Freeze\" \/><\/a><\/div><\/div><div class=\"rt-col-md-3 rt-col-sm-6 rt-col-xs-12 even-grid-item rt-grid-item\" data-id=\"386\"><div class=\"rt-holder\"><div class=\"overlay\"><h3 class=\"entry-title\"><a data-id=\"386\" class=\"\" href=\"https:\/\/www.tonce.fr\/en\/2024\/06\/01\/tonceism\/\">Tonc\u00e9ism<\/a><\/h3><div class='line'><\/div><\/div><a data-id='386' class='' href='https:\/\/www.tonce.fr\/en\/2024\/06\/01\/tonceism\/'><img loading=\"lazy\" decoding=\"async\" width=\"1050\" height=\"750\" src=\"https:\/\/www.tonce.fr\/wp-content\/uploads\/2024\/10\/Eeiffage-2019-1cover.jpg\" class=\"rt-img-responsive\" alt=\"\" \/><\/a><\/div><\/div><div class=\"rt-col-md-3 rt-col-sm-6 rt-col-xs-12 even-grid-item rt-grid-item\" data-id=\"375\"><div class=\"rt-holder\"><div class=\"overlay\"><h3 class=\"entry-title\"><a data-id=\"375\" class=\"\" href=\"https:\/\/www.tonce.fr\/en\/2024\/05\/01\/mister-freeze\/\">Mister Freeze<\/a><\/h3><div class='line'><\/div><\/div><a data-id='375' class='' href='https:\/\/www.tonce.fr\/en\/2024\/05\/01\/mister-freeze\/'><img loading=\"lazy\" decoding=\"async\" width=\"1055\" height=\"754\" src=\"https:\/\/www.tonce.fr\/wp-content\/uploads\/2024\/10\/Mister-Freeze-2022-1cover.jpg\" class=\"rt-img-responsive\" alt=\"Peinture Graff Tonc\u00e9 avec explosion en r\u00e9alit\u00e9 augment\u00e9e\" \/><\/a><\/div><\/div><div class=\"rt-col-md-3 rt-col-sm-6 rt-col-xs-12 even-grid-item rt-grid-item\" data-id=\"400\"><div class=\"rt-holder\"><div class=\"overlay\"><h3 class=\"entry-title\"><a data-id=\"400\" class=\"\" href=\"https:\/\/www.tonce.fr\/en\/2024\/04\/01\/graffiti-art-fair\/\">GRAFFITI ART FAIR\u00a0<\/a><\/h3><div class='line'><\/div><\/div><a data-id='400' class='' href='https:\/\/www.tonce.fr\/en\/2024\/04\/01\/graffiti-art-fair\/'><img loading=\"lazy\" decoding=\"async\" width=\"1247\" height=\"891\" src=\"https:\/\/www.tonce.fr\/wp-content\/uploads\/2024\/10\/Graffitti-Art-FAIR-Mulhouse-1cover.jpg\" class=\"rt-img-responsive\" alt=\"\" \/><\/a><\/div><\/div><div class=\"rt-col-md-3 rt-col-sm-6 rt-col-xs-12 even-grid-item rt-grid-item\" data-id=\"405\"><div class=\"rt-holder\"><div class=\"overlay\"><h3 class=\"entry-title\"><a data-id=\"405\" class=\"\" href=\"https:\/\/www.tonce.fr\/en\/2024\/03\/01\/pullman-hotel\/\">Expositions\u00a0<\/a><\/h3><div class='line'><\/div><\/div><a data-id='405' class='' href='https:\/\/www.tonce.fr\/en\/2024\/03\/01\/pullman-hotel\/'><img decoding=\"async\" src=\"https:\/\/www.tonce.fr\/wp-content\/uploads\/2018\/07\/pullman-dans-exposition.jpg\" class=\"rt-img-responsive\" alt=\"Exposition Tonc\u00e9 Hall de l&#039;h\u00f4tel Pullman \u00e0 Toulouse\" \/><\/a><\/div><\/div><div class=\"rt-col-md-3 rt-col-sm-6 rt-col-xs-12 even-grid-item rt-grid-item\" data-id=\"412\"><div class=\"rt-holder\"><div class=\"overlay\"><h3 class=\"entry-title\"><a data-id=\"412\" class=\"\" href=\"https:\/\/www.tonce.fr\/en\/2024\/02\/01\/design-packaging\/\">Design &#038; Identit\u00e9 de marque<\/a><\/h3><div class='line'><\/div><\/div><a data-id='412' class='' href='https:\/\/www.tonce.fr\/en\/2024\/02\/01\/design-packaging\/'><img loading=\"lazy\" decoding=\"async\" width=\"2196\" height=\"1568\" src=\"https:\/\/www.tonce.fr\/wp-content\/uploads\/2024\/10\/design-packaging-cover-2.jpg\" class=\"rt-img-responsive\" alt=\"Design Packaging\" \/><\/a><\/div><\/div><\/div><\/div><\/div>\n\t\t\t\t\t\t<\/div>\n\t\t\t\t<\/div>\n\t\t\t\t\t<\/div>\n\t\t\t\t<\/div>\n\t\t\t\t<\/div>","protected":false},"excerpt":{"rendered":"","protected":false},"author":1,"featured_media":0,"parent":0,"menu_order":0,"comment_status":"closed","ping_status":"closed","template":"elementor_canvas","meta":{"_coblocks_attr":"","_coblocks_dimensions":"","_coblocks_responsive_height":"","_coblocks_accordion_ie_support":"","ocean_post_layout":"","ocean_both_sidebars_style":"","ocean_both_sidebars_content_width":0,"ocean_both_sidebars_sidebars_width":0,"ocean_sidebar":"","ocean_second_sidebar":"","ocean_disable_margins":"enable","ocean_add_body_class":"","ocean_shortcode_before_top_bar":"","ocean_shortcode_after_top_bar":"","ocean_shortcode_before_header":"","ocean_shortcode_after_header":"","ocean_has_shortcode":"","ocean_shortcode_after_title":"","ocean_shortcode_before_footer_widgets":"","ocean_shortcode_after_footer_widgets":"","ocean_shortcode_before_footer_bottom":"","ocean_shortcode_after_footer_bottom":"","ocean_display_top_bar":"default","ocean_display_header":"default","ocean_header_style":"","ocean_center_header_left_menu":"","ocean_custom_header_template":"","ocean_custom_logo":0,"ocean_custom_retina_logo":0,"ocean_custom_logo_max_width":0,"ocean_custom_logo_tablet_max_width":0,"ocean_custom_logo_mobile_max_width":0,"ocean_custom_logo_max_height":0,"ocean_custom_logo_tablet_max_height":0,"ocean_custom_logo_mobile_max_height":0,"ocean_header_custom_menu":"","ocean_menu_typo_font_family":"","ocean_menu_typo_font_subset":"","ocean_menu_typo_font_size":0,"ocean_menu_typo_font_size_tablet":0,"ocean_menu_typo_font_size_mobile":0,"ocean_menu_typo_font_size_unit":"px","ocean_menu_typo_font_weight":"","ocean_menu_typo_font_weight_tablet":"","ocean_menu_typo_font_weight_mobile":"","ocean_menu_typo_transform":"","ocean_menu_typo_transform_tablet":"","ocean_menu_typo_transform_mobile":"","ocean_menu_typo_line_height":0,"ocean_menu_typo_line_height_tablet":0,"ocean_menu_typo_line_height_mobile":0,"ocean_menu_typo_line_height_unit":"","ocean_menu_typo_spacing":0,"ocean_menu_typo_spacing_tablet":0,"ocean_menu_typo_spacing_mobile":0,"ocean_menu_typo_spacing_unit":"","ocean_menu_link_color":"","ocean_menu_link_color_hover":"","ocean_menu_link_color_active":"","ocean_menu_link_background":"","ocean_menu_link_hover_background":"","ocean_menu_link_active_background":"","ocean_menu_social_links_bg":"","ocean_menu_social_hover_links_bg":"","ocean_menu_social_links_color":"","ocean_menu_social_hover_links_color":"","ocean_disable_title":"default","ocean_disable_heading":"default","ocean_post_title":"","ocean_post_subheading":"","ocean_post_title_style":"","ocean_post_title_background_color":"","ocean_post_title_background":0,"ocean_post_title_bg_image_position":"","ocean_post_title_bg_image_attachment":"","ocean_post_title_bg_image_repeat":"","ocean_post_title_bg_image_size":"","ocean_post_title_height":0,"ocean_post_title_bg_overlay":0.5,"ocean_post_title_bg_overlay_color":"","ocean_disable_breadcrumbs":"default","ocean_breadcrumbs_color":"","ocean_breadcrumbs_separator_color":"","ocean_breadcrumbs_links_color":"","ocean_breadcrumbs_links_hover_color":"","ocean_display_footer_widgets":"default","ocean_display_footer_bottom":"default","ocean_custom_footer_template":"","_themeisle_gutenberg_block_has_review":false,"footnotes":""},"class_list":["post-319","page","type-page","status-publish","hentry","entry","has-media","owp-thumbs-layout-horizontal","owp-btn-normal","owp-tabs-layout-horizontal","has-no-thumbnails","has-product-nav"],"rttpg_featured_image_url":null,"rttpg_author":{"display_name":"epepin","author_link":"https:\/\/www.tonce.fr\/en\/author\/epepin\/"},"rttpg_comment":0,"rttpg_category":"","rttpg_excerpt":null,"_links":{"self":[{"href":"https:\/\/www.tonce.fr\/en\/wp-json\/wp\/v2\/pages\/319","targetHints":{"allow":["GET"]}}],"collection":[{"href":"https:\/\/www.tonce.fr\/en\/wp-json\/wp\/v2\/pages"}],"about":[{"href":"https:\/\/www.tonce.fr\/en\/wp-json\/wp\/v2\/types\/page"}],"author":[{"embeddable":true,"href":"https:\/\/www.tonce.fr\/en\/wp-json\/wp\/v2\/users\/1"}],"replies":[{"embeddable":true,"href":"https:\/\/www.tonce.fr\/en\/wp-json\/wp\/v2\/comments?post=319"}],"version-history":[{"count":10,"href":"https:\/\/www.tonce.fr\/en\/wp-json\/wp\/v2\/pages\/319\/revisions"}],"predecessor-version":[{"id":360,"href":"https:\/\/www.tonce.fr\/en\/wp-json\/wp\/v2\/pages\/319\/revisions\/360"}],"wp:attachment":[{"href":"https:\/\/www.tonce.fr\/en\/wp-json\/wp\/v2\/media?parent=319"}],"curies":[{"name":"wp","href":"https:\/\/api.w.org\/{rel}","templated":true}]}}